{"id":416,"date":"2022-08-25T13:20:50","date_gmt":"2022-08-25T13:20:50","guid":{"rendered":"https:\/\/www.elektryczneuslugi.com\/Blog\/?page_id=416"},"modified":"2022-08-25T13:36:39","modified_gmt":"2022-08-25T13:36:39","slug":"tan-elektroinstalacje","status":"publish","type":"page","link":"https:\/\/www.elektryczneuslugi.com\/Blog\/?page_id=416","title":{"rendered":"TAN &#8211; ELEKTROINSTALACJE"},"content":{"rendered":"\n<div class=\"wp-block-cover\"><span aria-hidden=\"true\" class=\"wp-block-cover__background has-background-dim\"><\/span><img loading=\"lazy\" decoding=\"async\" width=\"1024\" height=\"707\" class=\"wp-block-cover__image-background wp-image-419\" alt=\"\" src=\"https:\/\/www.elektryczneuslugi.com\/Blog\/wp-content\/uploads\/2022\/08\/header-1024x707.jpg\" data-object-fit=\"cover\" srcset=\"https:\/\/www.elektryczneuslugi.com\/Blog\/wp-content\/uploads\/2022\/08\/header-1024x707.jpg 1024w, https:\/\/www.elektryczneuslugi.com\/Blog\/wp-content\/uploads\/2022\/08\/header-300x207.jpg 300w, https:\/\/www.elektryczneuslugi.com\/Blog\/wp-content\/uploads\/2022\/08\/header-768x530.jpg 768w, https:\/\/www.elektryczneuslugi.com\/Blog\/wp-content\/uploads\/2022\/08\/header.jpg 1280w\" sizes=\"auto, (max-width: 1024px) 100vw, 1024px\" \/><div class=\"wp-block-cover__inner-container is-layout-flow wp-block-cover-is-layout-flow\">\n<p class=\"has-text-align-center has-large-font-size\">TAN &#8211; ELEKTROINSTALACJE<\/p>\n<\/div><\/div>\n\n\n\n<p><\/p>\n\n\n\n<div class=\"wp-block-media-text alignwide has-media-on-the-right is-stacked-on-mobile\"><figure class=\"wp-block-media-text__media\"><img loading=\"lazy\" decoding=\"async\" width=\"600\" height=\"400\" src=\"https:\/\/www.elektryczneuslugi.com\/Blog\/wp-content\/uploads\/2022\/08\/1.png\" alt=\"\" class=\"wp-image-417 size-full\" srcset=\"https:\/\/www.elektryczneuslugi.com\/Blog\/wp-content\/uploads\/2022\/08\/1.png 600w, https:\/\/www.elektryczneuslugi.com\/Blog\/wp-content\/uploads\/2022\/08\/1-300x200.png 300w\" sizes=\"auto, (max-width: 600px) 100vw, 600px\" \/><\/figure><div class=\"wp-block-media-text__content\">\n<h2 class=\"wp-block-heading\">US\u0141UGI DLA DOMU<\/h2>\n\n\n\n<p>Oferujemy szeroki wachlarz us\u0142ug skierowanych do gospodarstw domowych. Zajmujemy si\u0119 usuwaniem awarii, serwisowaniem instalacji, monta\u017cem kontakt\u00f3w oraz w\u0142\u0105cznik\u00f3w, instalacjami fotowoltaicznymi, a tak\u017ce ekspertyzami dla ubezpieczycieli w przypadku awarii urz\u0105dze\u0144 wywo\u0142anych przez zwarcie.<\/p>\n<\/div><\/div>\n\n\n\n<div class=\"wp-block-media-text alignwide is-stacked-on-mobile\"><figure class=\"wp-block-media-text__media\"><img loading=\"lazy\" decoding=\"async\" width=\"600\" height=\"400\" src=\"https:\/\/www.elektryczneuslugi.com\/Blog\/wp-content\/uploads\/2022\/08\/2.png\" alt=\"\" class=\"wp-image-418 size-full\" srcset=\"https:\/\/www.elektryczneuslugi.com\/Blog\/wp-content\/uploads\/2022\/08\/2.png 600w, https:\/\/www.elektryczneuslugi.com\/Blog\/wp-content\/uploads\/2022\/08\/2-300x200.png 300w\" sizes=\"auto, (max-width: 600px) 100vw, 600px\" \/><\/figure><div class=\"wp-block-media-text__content\">\n<h2 class=\"wp-block-heading\">OFERTA DLA FIRM<\/h2>\n\n\n\n<p>Do zakresu naszych us\u0142ug nale\u017cy obs\u0142uga firm, osiedli, zak\u0142ad\u00f3w produkcyjnych. Realizowane zadania to m.in. instalacje 230V oraz 400V, instalacje zasilania rezerwowego, audyty energetyczne, monta\u017c rozdzielni i tablic czy realizacja pomiar\u00f3w odbiorczych.<\/p>\n<\/div><\/div>\n\n\n\n<p><\/p>\n\n\n\n<h3 class=\"has-text-align-center wp-block-heading\">DLACZEGO WARTO POSTAWI\u0106 NA NAS?<\/h3>\n\n\n\n<figure class=\"wp-block-gallery has-nested-images columns-default is-cropped wp-block-gallery-1 is-layout-flex wp-block-gallery-is-layout-flex\">\n<figure class=\"wp-block-image size-large\"><a href=\"https:\/\/www.elektryczneuslugi.com\/Blog\/wp-content\/uploads\/2022\/08\/p-1.png\"><img loading=\"lazy\" decoding=\"async\" width=\"390\" height=\"366\" data-id=\"421\" src=\"https:\/\/www.elektryczneuslugi.com\/Blog\/wp-content\/uploads\/2022\/08\/p-1.png\" alt=\"\" class=\"wp-image-421\" srcset=\"https:\/\/www.elektryczneuslugi.com\/Blog\/wp-content\/uploads\/2022\/08\/p-1.png 390w, https:\/\/www.elektryczneuslugi.com\/Blog\/wp-content\/uploads\/2022\/08\/p-1-300x282.png 300w\" sizes=\"auto, (max-width: 390px) 100vw, 390px\" \/><\/a><\/figure>\n\n\n\n<figure class=\"wp-block-image size-large\"><a href=\"https:\/\/www.elektryczneuslugi.com\/Blog\/wp-content\/uploads\/2022\/08\/p-2.png\"><img loading=\"lazy\" decoding=\"async\" width=\"390\" height=\"366\" data-id=\"422\" src=\"https:\/\/www.elektryczneuslugi.com\/Blog\/wp-content\/uploads\/2022\/08\/p-2.png\" alt=\"\" class=\"wp-image-422\" srcset=\"https:\/\/www.elektryczneuslugi.com\/Blog\/wp-content\/uploads\/2022\/08\/p-2.png 390w, https:\/\/www.elektryczneuslugi.com\/Blog\/wp-content\/uploads\/2022\/08\/p-2-300x282.png 300w\" sizes=\"auto, (max-width: 390px) 100vw, 390px\" \/><\/a><\/figure>\n\n\n\n<figure class=\"wp-block-image size-large\"><a href=\"https:\/\/www.elektryczneuslugi.com\/Blog\/wp-content\/uploads\/2022\/08\/p-3.png\"><img loading=\"lazy\" decoding=\"async\" width=\"390\" height=\"366\" data-id=\"423\" src=\"https:\/\/www.elektryczneuslugi.com\/Blog\/wp-content\/uploads\/2022\/08\/p-3.png\" alt=\"\" class=\"wp-image-423\" srcset=\"https:\/\/www.elektryczneuslugi.com\/Blog\/wp-content\/uploads\/2022\/08\/p-3.png 390w, https:\/\/www.elektryczneuslugi.com\/Blog\/wp-content\/uploads\/2022\/08\/p-3-300x282.png 300w\" sizes=\"auto, (max-width: 390px) 100vw, 390px\" \/><\/a><\/figure>\n\n\n\n<figure class=\"wp-block-image size-large\"><a href=\"https:\/\/www.elektryczneuslugi.com\/Blog\/wp-content\/uploads\/2022\/08\/p-5.png\"><img loading=\"lazy\" decoding=\"async\" width=\"390\" height=\"366\" data-id=\"425\" src=\"https:\/\/www.elektryczneuslugi.com\/Blog\/wp-content\/uploads\/2022\/08\/p-5.png\" alt=\"\" class=\"wp-image-425\" srcset=\"https:\/\/www.elektryczneuslugi.com\/Blog\/wp-content\/uploads\/2022\/08\/p-5.png 390w, https:\/\/www.elektryczneuslugi.com\/Blog\/wp-content\/uploads\/2022\/08\/p-5-300x282.png 300w\" sizes=\"auto, (max-width: 390px) 100vw, 390px\" \/><\/a><\/figure>\n\n\n\n<figure class=\"wp-block-image size-large\"><a href=\"https:\/\/www.elektryczneuslugi.com\/Blog\/wp-content\/uploads\/2022\/08\/p-4.png\"><img loading=\"lazy\" decoding=\"async\" width=\"390\" height=\"366\" data-id=\"424\" src=\"https:\/\/www.elektryczneuslugi.com\/Blog\/wp-content\/uploads\/2022\/08\/p-4.png\" alt=\"\" class=\"wp-image-424\" srcset=\"https:\/\/www.elektryczneuslugi.com\/Blog\/wp-content\/uploads\/2022\/08\/p-4.png 390w, https:\/\/www.elektryczneuslugi.com\/Blog\/wp-content\/uploads\/2022\/08\/p-4-300x282.png 300w\" sizes=\"auto, (max-width: 390px) 100vw, 390px\" \/><\/a><\/figure>\n\n\n\n<figure class=\"wp-block-image size-large\"><a href=\"https:\/\/www.elektryczneuslugi.com\/Blog\/wp-content\/uploads\/2022\/08\/p-6.png\"><img loading=\"lazy\" decoding=\"async\" width=\"390\" height=\"366\" data-id=\"426\" src=\"https:\/\/www.elektryczneuslugi.com\/Blog\/wp-content\/uploads\/2022\/08\/p-6.png\" alt=\"\" class=\"wp-image-426\" srcset=\"https:\/\/www.elektryczneuslugi.com\/Blog\/wp-content\/uploads\/2022\/08\/p-6.png 390w, https:\/\/www.elektryczneuslugi.com\/Blog\/wp-content\/uploads\/2022\/08\/p-6-300x282.png 300w\" sizes=\"auto, (max-width: 390px) 100vw, 390px\" \/><\/a><\/figure>\n<\/figure>\n\n\n\n<p><\/p>\n\n\n\n<h2 class=\"has-text-align-center wp-block-heading\">PE\u0141NA OFERTA<\/h2>\n\n\n\n<p class=\"has-text-align-center\">instalacje o\u015bwietleniowe *** instalacje gniazdowe 230V *** instalacje gniazdowe 400V *** instalacje domofonowe *** Instalacje telewizyjne dozoru (CCTV) *** instalacje antenowe RTV i SAT *** instalacje systemu sygnalizacji po\u017caru (SSP) *** monta\u017c i konserwacja system\u00f3w podgrzewania rynien *** monta\u017c i konserwacja instalacji odgromowej i uziemiaj\u0105cej *** pogotowie elektryczne, usuwanie awarii elektrycznych i teletechnicznych *** instalacje oddymiania (ODD) *** instalacje zasilania rezerwowego (SZR) *** instalacje sieci kablowych \u015bredniego i niskiego napi\u0119cia *** monta\u017c rozdzielni i tablic rozdzielczych *** instalacje odgromowe *** instalacje systemu antyoblodzeniowego *** modernizacje istniej\u0105cych instalacji *** inteligentne instalacje elektryczne pomiary rezystancji izolacji obwod\u00f3w *** pomiary impedancji p\u0119tli zwarcia *** pomiary pr\u0105du wyzwalania oraz czasu zadzia\u0142ania wy\u0142\u0105cznika r\u00f3\u017cnicowo-pr\u0105dowegopomiary ci\u0105g\u0142o\u015bci po\u0142\u0105cze\u0144 wyr\u00f3wnawczych *** pomiary rezystancji uziemienia *** badania termowizyjne instalacji i urz\u0105dze\u0144 elektrycznych *** instalacje solarne PV *** pomiary odbiorcze i okresowe *** audyty instalacji PV *** ekspertyzy elektryczne dla ubezpieczycieli. (np. przy awariach urz\u0105dze\u0144 w wyniku przepi\u0119\u0107)<br><br>Napisz do nas: eu@elektryczneuslugi.com   <strong>Skontaktuj si\u0119 telefonicznie: +48 790 890 558<\/strong><\/p>\n","protected":false},"excerpt":{"rendered":"<p>US\u0141UGI DLA DOMU Oferujemy szeroki wachlarz us\u0142ug skierowanych do gospodarstw domowych. Zajmujemy si\u0119 usuwaniem awarii, serwisowaniem instalacji, monta\u017cem kontakt\u00f3w oraz &hellip; <a href=\"https:\/\/www.elektryczneuslugi.com\/Blog\/?page_id=416\" class=\"more-link\">Czytaj dalej <span class=\"screen-reader-text\">TAN &#8211; ELEKTROINSTALACJE<\/span><\/a><\/p>\n","protected":false},"author":1,"featured_media":0,"parent":0,"menu_order":0,"comment_status":"closed","ping_status":"closed","template":"","meta":{"om_disable_all_campaigns":false,"_exactmetrics_skip_tracking":false,"_exactmetrics_sitenote_active":false,"_exactmetrics_sitenote_note":"","_exactmetrics_sitenote_category":0,"_monsterinsights_skip_tracking":false,"_monsterinsights_sitenote_active":false,"_monsterinsights_sitenote_note":"","_monsterinsights_sitenote_category":0,"_uf_show_specific_survey":0,"_uf_disable_surveys":false,"footnotes":""},"class_list":["post-416","page","type-page","status-publish","hentry"],"aioseo_notices":[],"_links":{"self":[{"href":"https:\/\/www.elektryczneuslugi.com\/Blog\/index.php?rest_route=\/wp\/v2\/pages\/416","targetHints":{"allow":["GET"]}}],"collection":[{"href":"https:\/\/www.elektryczneuslugi.com\/Blog\/index.php?rest_route=\/wp\/v2\/pages"}],"about":[{"href":"https:\/\/www.elektryczneuslugi.com\/Blog\/index.php?rest_route=\/wp\/v2\/types\/page"}],"author":[{"embeddable":true,"href":"https:\/\/www.elektryczneuslugi.com\/Blog\/index.php?rest_route=\/wp\/v2\/users\/1"}],"replies":[{"embeddable":true,"href":"https:\/\/www.elektryczneuslugi.com\/Blog\/index.php?rest_route=%2Fwp%2Fv2%2Fcomments&post=416"}],"version-history":[{"count":3,"href":"https:\/\/www.elektryczneuslugi.com\/Blog\/index.php?rest_route=\/wp\/v2\/pages\/416\/revisions"}],"predecessor-version":[{"id":433,"href":"https:\/\/www.elektryczneuslugi.com\/Blog\/index.php?rest_route=\/wp\/v2\/pages\/416\/revisions\/433"}],"wp:attachment":[{"href":"https:\/\/www.elektryczneuslugi.com\/Blog\/index.php?rest_route=%2Fwp%2Fv2%2Fmedia&parent=416"}],"curies":[{"name":"wp","href":"https:\/\/api.w.org\/{rel}","templated":true}]}}